{"id":99,"date":"2022-08-07T19:48:13","date_gmt":"2022-08-07T19:48:13","guid":{"rendered":"https:\/\/bableatherbags.hu\/?page_id=99"},"modified":"2022-12-11T20:39:39","modified_gmt":"2022-12-11T20:39:39","slug":"kepek-videok","status":"publish","type":"page","link":"https:\/\/bableatherbags.hu\/index.php\/kepek-videok\/","title":{"rendered":"K\u00e9sz\u00edt\u00e9s"},"content":{"rendered":"\n<p>Szerett\u00fcnk volna l\u00e9trehozni egy j\u00f3 min\u0151s\u00e9g\u0171, strapab\u00edr\u00f3, praktikus \u00e9s divatos b\u0151r t\u00e1sk\u00e1t, ami alkalmakkor \u00e9s h\u00e9tk\u00f6znapokon egyar\u00e1nt h\u0171 t\u00e1rsunk lehet.<br>Az els\u0151 nagy shopper t\u00e1sk\u00e1k ut\u00e1n m\u00e1r biztosan gondoltuk, hogy nem fogunk egy kollekci\u00f3n\u00e1l meg\u00e1llni, mert nagyon \u00e9lvezt\u00fck a tervez\u00e9s \u00e9s gy\u00e1rt\u00e1s folyamatait.<br>A t\u00e1ska minden r\u00e9szlet\u00e9t saj\u00e1tkez\u0171leg k\u00e9sz\u00edtett\u00fck el, \u00edgy ink\u00e1bb a min\u0151s\u00e9gre, mintsem a mennyis\u00e9gre \u00f6sszpontos\u00edtottunk. A szakmai profizmust Zim\u00e1n S\u00e1ndor testes\u00edti meg a m\u00e1rk\u00e1n\u00e1l, hiszen v\u00e9gzetts\u00e9ge \u00e9s szakmai tapasztalata is a b\u0151r t\u00e1sk\u00e1k k\u00e9sz\u00edt\u00e9s\u00e9hez k\u00f6thet\u0151.<\/p>\n\n\n\n<p><\/p>\n\n\n\n<p>Itt n\u00e9h\u00e1ny k\u00e9pet mutatunk a t\u00e1sk\u00e1k \u00e9s kieg\u00e9sz\u00edt\u0151k k\u00e9sz\u00edt\u00e9si folyamatair\u00f3l. Minden term\u00e9k maxim\u00e1lis odafigyel\u00e9ssel \u00e9s kiv\u00e1l\u00f3 min\u0151s\u00e9g\u0171 marha b\u0151rb\u0151l k\u00e9sz\u00fcl.<\/p>\n\n\n\n<p><\/p>\n\n\n\n<p><\/p>\n\n\n\n<figure class=\"wp-block-gallery has-nested-images columns-default is-cropped wp-block-gallery-1 is-layout-flex wp-block-gallery-is-layout-flex\">\n<figure class=\"wp-block-image size-large\"><img loading=\"lazy\" decoding=\"async\" width=\"839\" height=\"1024\" data-id=\"102\" src=\"https:\/\/bableatherbags.hu\/wp-content\/uploads\/2022\/08\/7FF573D5-A852-46F4-9716-A9F1C399AC5A-839x1024.jpeg\" alt=\"\" class=\"wp-image-102\" srcset=\"https:\/\/bableatherbags.hu\/wp-content\/uploads\/2022\/08\/7FF573D5-A852-46F4-9716-A9F1C399AC5A-839x1024.jpeg 839w, https:\/\/bableatherbags.hu\/wp-content\/uploads\/2022\/08\/7FF573D5-A852-46F4-9716-A9F1C399AC5A-246x300.jpeg 246w, https:\/\/bableatherbags.hu\/wp-content\/uploads\/2022\/08\/7FF573D5-A852-46F4-9716-A9F1C399AC5A-768x938.jpeg 768w, https:\/\/bableatherbags.hu\/wp-content\/uploads\/2022\/08\/7FF573D5-A852-46F4-9716-A9F1C399AC5A-1258x1536.jpeg 1258w, https:\/\/bableatherbags.hu\/wp-content\/uploads\/2022\/08\/7FF573D5-A852-46F4-9716-A9F1C399AC5A-1677x2048.jpeg 1677w, https:\/\/bableatherbags.hu\/wp-content\/uploads\/2022\/08\/7FF573D5-A852-46F4-9716-A9F1C399AC5A-1320x1612.jpeg 1320w, https:\/\/bableatherbags.hu\/wp-content\/uploads\/2022\/08\/7FF573D5-A852-46F4-9716-A9F1C399AC5A-416x508.jpeg 416w\" sizes=\"auto, (max-width: 839px) 100vw, 839px\" \/><\/figure>\n\n\n\n<figure class=\"wp-block-image size-large\"><img loading=\"lazy\" decoding=\"async\" width=\"819\" height=\"1024\" data-id=\"18\" src=\"https:\/\/bableatherbags.hu\/wp-content\/uploads\/2022\/08\/7E3C676D-CF5D-4BC0-91B9-E4C5CE603BF0-819x1024.jpeg\" alt=\"\" class=\"wp-image-18\" srcset=\"https:\/\/bableatherbags.hu\/wp-content\/uploads\/2022\/08\/7E3C676D-CF5D-4BC0-91B9-E4C5CE603BF0-819x1024.jpeg 819w, https:\/\/bableatherbags.hu\/wp-content\/uploads\/2022\/08\/7E3C676D-CF5D-4BC0-91B9-E4C5CE603BF0-240x300.jpeg 240w, https:\/\/bableatherbags.hu\/wp-content\/uploads\/2022\/08\/7E3C676D-CF5D-4BC0-91B9-E4C5CE603BF0-768x960.jpeg 768w, https:\/\/bableatherbags.hu\/wp-content\/uploads\/2022\/08\/7E3C676D-CF5D-4BC0-91B9-E4C5CE603BF0-1229x1536.jpeg 1229w, https:\/\/bableatherbags.hu\/wp-content\/uploads\/2022\/08\/7E3C676D-CF5D-4BC0-91B9-E4C5CE603BF0-1638x2048.jpeg 1638w, https:\/\/bableatherbags.hu\/wp-content\/uploads\/2022\/08\/7E3C676D-CF5D-4BC0-91B9-E4C5CE603BF0-1320x1650.jpeg 1320w, https:\/\/bableatherbags.hu\/wp-content\/uploads\/2022\/08\/7E3C676D-CF5D-4BC0-91B9-E4C5CE603BF0-416x520.jpeg 416w, https:\/\/bableatherbags.hu\/wp-content\/uploads\/2022\/08\/7E3C676D-CF5D-4BC0-91B9-E4C5CE603BF0-scaled.jpeg 2048w\" sizes=\"auto, (max-width: 819px) 100vw, 819px\" \/><\/figure>\n\n\n\n<figure class=\"wp-block-image size-large\"><img loading=\"lazy\" decoding=\"async\" width=\"768\" height=\"1024\" data-id=\"386\" src=\"https:\/\/bableatherbags.hu\/wp-content\/uploads\/2022\/12\/IMG-0815-1-768x1024.jpg\" alt=\"\" class=\"wp-image-386\" srcset=\"https:\/\/bableatherbags.hu\/wp-content\/uploads\/2022\/12\/IMG-0815-1-768x1024.jpg 768w, https:\/\/bableatherbags.hu\/wp-content\/uploads\/2022\/12\/IMG-0815-1-225x300.jpg 225w, https:\/\/bableatherbags.hu\/wp-content\/uploads\/2022\/12\/IMG-0815-1-1152x1536.jpg 1152w, https:\/\/bableatherbags.hu\/wp-content\/uploads\/2022\/12\/IMG-0815-1-1536x2048.jpg 1536w, https:\/\/bableatherbags.hu\/wp-content\/uploads\/2022\/12\/IMG-0815-1-1320x1760.jpg 1320w, https:\/\/bableatherbags.hu\/wp-content\/uploads\/2022\/12\/IMG-0815-1-416x555.jpg 416w, https:\/\/bableatherbags.hu\/wp-content\/uploads\/2022\/12\/IMG-0815-1-scaled.jpg 1920w\" sizes=\"auto, (max-width: 768px) 100vw, 768px\" \/><\/figure>\n\n\n\n<figure class=\"wp-block-image size-large\"><img loading=\"lazy\" decoding=\"async\" width=\"1024\" height=\"768\" data-id=\"389\" src=\"https:\/\/bableatherbags.hu\/wp-content\/uploads\/2022\/12\/IMG-0842-1-1024x768.jpg\" alt=\"\" class=\"wp-image-389\" srcset=\"https:\/\/bableatherbags.hu\/wp-content\/uploads\/2022\/12\/IMG-0842-1-1024x768.jpg 1024w, https:\/\/bableatherbags.hu\/wp-content\/uploads\/2022\/12\/IMG-0842-1-300x225.jpg 300w, https:\/\/bableatherbags.hu\/wp-content\/uploads\/2022\/12\/IMG-0842-1-768x576.jpg 768w, https:\/\/bableatherbags.hu\/wp-content\/uploads\/2022\/12\/IMG-0842-1-1536x1152.jpg 1536w, https:\/\/bableatherbags.hu\/wp-content\/uploads\/2022\/12\/IMG-0842-1-1320x990.jpg 1320w, https:\/\/bableatherbags.hu\/wp-content\/uploads\/2022\/12\/IMG-0842-1-416x312.jpg 416w, https:\/\/bableatherbags.hu\/wp-content\/uploads\/2022\/12\/IMG-0842-1.jpg 1600w\" sizes=\"auto, (max-width: 1024px) 100vw, 1024px\" \/><\/figure>\n\n\n\n<figure class=\"wp-block-image size-large\"><img loading=\"lazy\" decoding=\"async\" width=\"768\" height=\"1024\" data-id=\"391\" src=\"https:\/\/bableatherbags.hu\/wp-content\/uploads\/2022\/12\/IMG-1145-768x1024.jpg\" alt=\"\" class=\"wp-image-391\" srcset=\"https:\/\/bableatherbags.hu\/wp-content\/uploads\/2022\/12\/IMG-1145-768x1024.jpg 768w, https:\/\/bableatherbags.hu\/wp-content\/uploads\/2022\/12\/IMG-1145-225x300.jpg 225w, https:\/\/bableatherbags.hu\/wp-content\/uploads\/2022\/12\/IMG-1145-1152x1536.jpg 1152w, https:\/\/bableatherbags.hu\/wp-content\/uploads\/2022\/12\/IMG-1145-1536x2048.jpg 1536w, https:\/\/bableatherbags.hu\/wp-content\/uploads\/2022\/12\/IMG-1145-1320x1760.jpg 1320w, https:\/\/bableatherbags.hu\/wp-content\/uploads\/2022\/12\/IMG-1145-416x555.jpg 416w, https:\/\/bableatherbags.hu\/wp-content\/uploads\/2022\/12\/IMG-1145-scaled.jpg 1920w\" sizes=\"auto, (max-width: 768px) 100vw, 768px\" \/><\/figure>\n\n\n\n<figure class=\"wp-block-image size-large\"><img loading=\"lazy\" decoding=\"async\" width=\"768\" height=\"1024\" data-id=\"392\" src=\"https:\/\/bableatherbags.hu\/wp-content\/uploads\/2022\/12\/IMG-1154-768x1024.jpg\" alt=\"\" class=\"wp-image-392\" srcset=\"https:\/\/bableatherbags.hu\/wp-content\/uploads\/2022\/12\/IMG-1154-768x1024.jpg 768w, https:\/\/bableatherbags.hu\/wp-content\/uploads\/2022\/12\/IMG-1154-225x300.jpg 225w, https:\/\/bableatherbags.hu\/wp-content\/uploads\/2022\/12\/IMG-1154-1152x1536.jpg 1152w, https:\/\/bableatherbags.hu\/wp-content\/uploads\/2022\/12\/IMG-1154-1536x2048.jpg 1536w, https:\/\/bableatherbags.hu\/wp-content\/uploads\/2022\/12\/IMG-1154-1320x1760.jpg 1320w, https:\/\/bableatherbags.hu\/wp-content\/uploads\/2022\/12\/IMG-1154-416x555.jpg 416w, https:\/\/bableatherbags.hu\/wp-content\/uploads\/2022\/12\/IMG-1154-scaled.jpg 1920w\" sizes=\"auto, (max-width: 768px) 100vw, 768px\" \/><\/figure>\n\n\n\n<figure class=\"wp-block-image size-large\"><img loading=\"lazy\" decoding=\"async\" width=\"768\" height=\"1024\" data-id=\"393\" src=\"https:\/\/bableatherbags.hu\/wp-content\/uploads\/2022\/12\/IMG-1153-768x1024.jpg\" alt=\"\" class=\"wp-image-393\" srcset=\"https:\/\/bableatherbags.hu\/wp-content\/uploads\/2022\/12\/IMG-1153-768x1024.jpg 768w, https:\/\/bableatherbags.hu\/wp-content\/uploads\/2022\/12\/IMG-1153-225x300.jpg 225w, https:\/\/bableatherbags.hu\/wp-content\/uploads\/2022\/12\/IMG-1153-1152x1536.jpg 1152w, https:\/\/bableatherbags.hu\/wp-content\/uploads\/2022\/12\/IMG-1153-1536x2048.jpg 1536w, https:\/\/bableatherbags.hu\/wp-content\/uploads\/2022\/12\/IMG-1153-1320x1760.jpg 1320w, https:\/\/bableatherbags.hu\/wp-content\/uploads\/2022\/12\/IMG-1153-416x555.jpg 416w, https:\/\/bableatherbags.hu\/wp-content\/uploads\/2022\/12\/IMG-1153-scaled.jpg 1920w\" sizes=\"auto, (max-width: 768px) 100vw, 768px\" \/><\/figure>\n\n\n\n<figure class=\"wp-block-image size-large\"><img loading=\"lazy\" decoding=\"async\" width=\"768\" height=\"1024\" data-id=\"395\" src=\"https:\/\/bableatherbags.hu\/wp-content\/uploads\/2022\/12\/IMG-1189-768x1024.jpg\" alt=\"\" class=\"wp-image-395\" srcset=\"https:\/\/bableatherbags.hu\/wp-content\/uploads\/2022\/12\/IMG-1189-768x1024.jpg 768w, https:\/\/bableatherbags.hu\/wp-content\/uploads\/2022\/12\/IMG-1189-225x300.jpg 225w, https:\/\/bableatherbags.hu\/wp-content\/uploads\/2022\/12\/IMG-1189-1152x1536.jpg 1152w, https:\/\/bableatherbags.hu\/wp-content\/uploads\/2022\/12\/IMG-1189-1536x2048.jpg 1536w, https:\/\/bableatherbags.hu\/wp-content\/uploads\/2022\/12\/IMG-1189-1320x1760.jpg 1320w, https:\/\/bableatherbags.hu\/wp-content\/uploads\/2022\/12\/IMG-1189-416x555.jpg 416w, https:\/\/bableatherbags.hu\/wp-content\/uploads\/2022\/12\/IMG-1189-scaled.jpg 1920w\" sizes=\"auto, (max-width: 768px) 100vw, 768px\" \/><\/figure>\n\n\n\n<figure class=\"wp-block-image size-large\"><img loading=\"lazy\" decoding=\"async\" width=\"768\" height=\"1024\" data-id=\"396\" src=\"https:\/\/bableatherbags.hu\/wp-content\/uploads\/2022\/12\/IMG-1185-768x1024.jpg\" alt=\"\" class=\"wp-image-396\" srcset=\"https:\/\/bableatherbags.hu\/wp-content\/uploads\/2022\/12\/IMG-1185-768x1024.jpg 768w, https:\/\/bableatherbags.hu\/wp-content\/uploads\/2022\/12\/IMG-1185-225x300.jpg 225w, https:\/\/bableatherbags.hu\/wp-content\/uploads\/2022\/12\/IMG-1185-1152x1536.jpg 1152w, https:\/\/bableatherbags.hu\/wp-content\/uploads\/2022\/12\/IMG-1185-1536x2048.jpg 1536w, https:\/\/bableatherbags.hu\/wp-content\/uploads\/2022\/12\/IMG-1185-1320x1760.jpg 1320w, https:\/\/bableatherbags.hu\/wp-content\/uploads\/2022\/12\/IMG-1185-416x555.jpg 416w, https:\/\/bableatherbags.hu\/wp-content\/uploads\/2022\/12\/IMG-1185-scaled.jpg 1920w\" sizes=\"auto, (max-width: 768px) 100vw, 768px\" \/><\/figure>\n\n\n\n<figure class=\"wp-block-image size-large\"><img loading=\"lazy\" decoding=\"async\" width=\"768\" height=\"1024\" data-id=\"398\" src=\"https:\/\/bableatherbags.hu\/wp-content\/uploads\/2022\/12\/IMG-1174-768x1024.jpg\" alt=\"\" class=\"wp-image-398\" srcset=\"https:\/\/bableatherbags.hu\/wp-content\/uploads\/2022\/12\/IMG-1174-768x1024.jpg 768w, https:\/\/bableatherbags.hu\/wp-content\/uploads\/2022\/12\/IMG-1174-225x300.jpg 225w, https:\/\/bableatherbags.hu\/wp-content\/uploads\/2022\/12\/IMG-1174-1152x1536.jpg 1152w, https:\/\/bableatherbags.hu\/wp-content\/uploads\/2022\/12\/IMG-1174-1536x2048.jpg 1536w, https:\/\/bableatherbags.hu\/wp-content\/uploads\/2022\/12\/IMG-1174-1320x1760.jpg 1320w, https:\/\/bableatherbags.hu\/wp-content\/uploads\/2022\/12\/IMG-1174-416x555.jpg 416w, https:\/\/bableatherbags.hu\/wp-content\/uploads\/2022\/12\/IMG-1174-scaled.jpg 1920w\" sizes=\"auto, (max-width: 768px) 100vw, 768px\" \/><\/figure>\n\n\n\n<figure class=\"wp-block-image size-large\"><img loading=\"lazy\" decoding=\"async\" width=\"768\" height=\"1024\" data-id=\"399\" src=\"https:\/\/bableatherbags.hu\/wp-content\/uploads\/2022\/12\/IMG-1171-768x1024.jpg\" alt=\"\" class=\"wp-image-399\" srcset=\"https:\/\/bableatherbags.hu\/wp-content\/uploads\/2022\/12\/IMG-1171-768x1024.jpg 768w, https:\/\/bableatherbags.hu\/wp-content\/uploads\/2022\/12\/IMG-1171-225x300.jpg 225w, https:\/\/bableatherbags.hu\/wp-content\/uploads\/2022\/12\/IMG-1171-1152x1536.jpg 1152w, https:\/\/bableatherbags.hu\/wp-content\/uploads\/2022\/12\/IMG-1171-1536x2048.jpg 1536w, https:\/\/bableatherbags.hu\/wp-content\/uploads\/2022\/12\/IMG-1171-1320x1760.jpg 1320w, https:\/\/bableatherbags.hu\/wp-content\/uploads\/2022\/12\/IMG-1171-416x555.jpg 416w, https:\/\/bableatherbags.hu\/wp-content\/uploads\/2022\/12\/IMG-1171-scaled.jpg 1920w\" sizes=\"auto, (max-width: 768px) 100vw, 768px\" \/><\/figure>\n\n\n\n<figure class=\"wp-block-image size-large\"><img loading=\"lazy\" decoding=\"async\" width=\"768\" height=\"1024\" data-id=\"400\" src=\"https:\/\/bableatherbags.hu\/wp-content\/uploads\/2022\/12\/IMG-1170-768x1024.jpg\" alt=\"\" class=\"wp-image-400\" srcset=\"https:\/\/bableatherbags.hu\/wp-content\/uploads\/2022\/12\/IMG-1170-768x1024.jpg 768w, https:\/\/bableatherbags.hu\/wp-content\/uploads\/2022\/12\/IMG-1170-225x300.jpg 225w, https:\/\/bableatherbags.hu\/wp-content\/uploads\/2022\/12\/IMG-1170-1152x1536.jpg 1152w, https:\/\/bableatherbags.hu\/wp-content\/uploads\/2022\/12\/IMG-1170-1536x2048.jpg 1536w, https:\/\/bableatherbags.hu\/wp-content\/uploads\/2022\/12\/IMG-1170-1320x1760.jpg 1320w, https:\/\/bableatherbags.hu\/wp-content\/uploads\/2022\/12\/IMG-1170-416x555.jpg 416w, https:\/\/bableatherbags.hu\/wp-content\/uploads\/2022\/12\/IMG-1170-scaled.jpg 1920w\" sizes=\"auto, (max-width: 768px) 100vw, 768px\" \/><\/figure>\n\n\n\n<figure class=\"wp-block-image size-large\"><img loading=\"lazy\" decoding=\"async\" width=\"768\" height=\"1024\" data-id=\"397\" src=\"https:\/\/bableatherbags.hu\/wp-content\/uploads\/2022\/12\/IMG-1167-768x1024.jpg\" alt=\"\" class=\"wp-image-397\" srcset=\"https:\/\/bableatherbags.hu\/wp-content\/uploads\/2022\/12\/IMG-1167-768x1024.jpg 768w, https:\/\/bableatherbags.hu\/wp-content\/uploads\/2022\/12\/IMG-1167-225x300.jpg 225w, https:\/\/bableatherbags.hu\/wp-content\/uploads\/2022\/12\/IMG-1167-1152x1536.jpg 1152w, https:\/\/bableatherbags.hu\/wp-content\/uploads\/2022\/12\/IMG-1167-1536x2048.jpg 1536w, https:\/\/bableatherbags.hu\/wp-content\/uploads\/2022\/12\/IMG-1167-1320x1760.jpg 1320w, https:\/\/bableatherbags.hu\/wp-content\/uploads\/2022\/12\/IMG-1167-416x555.jpg 416w, https:\/\/bableatherbags.hu\/wp-content\/uploads\/2022\/12\/IMG-1167-scaled.jpg 1920w\" sizes=\"auto, (max-width: 768px) 100vw, 768px\" \/><\/figure>\n\n\n\n<figure class=\"wp-block-image size-large\"><img loading=\"lazy\" decoding=\"async\" width=\"1024\" height=\"768\" data-id=\"403\" src=\"https:\/\/bableatherbags.hu\/wp-content\/uploads\/2022\/12\/IMG-5265-1024x768.jpg\" alt=\"\" class=\"wp-image-403\" srcset=\"https:\/\/bableatherbags.hu\/wp-content\/uploads\/2022\/12\/IMG-5265-1024x768.jpg 1024w, https:\/\/bableatherbags.hu\/wp-content\/uploads\/2022\/12\/IMG-5265-300x225.jpg 300w, https:\/\/bableatherbags.hu\/wp-content\/uploads\/2022\/12\/IMG-5265-768x576.jpg 768w, https:\/\/bableatherbags.hu\/wp-content\/uploads\/2022\/12\/IMG-5265-1536x1152.jpg 1536w, https:\/\/bableatherbags.hu\/wp-content\/uploads\/2022\/12\/IMG-5265-2048x1536.jpg 2048w, https:\/\/bableatherbags.hu\/wp-content\/uploads\/2022\/12\/IMG-5265-1320x990.jpg 1320w, https:\/\/bableatherbags.hu\/wp-content\/uploads\/2022\/12\/IMG-5265-416x312.jpg 416w\" sizes=\"auto, (max-width: 1024px) 100vw, 1024px\" \/><\/figure>\n\n\n\n<figure class=\"wp-block-image size-large\"><img loading=\"lazy\" decoding=\"async\" width=\"768\" height=\"1024\" data-id=\"402\" src=\"https:\/\/bableatherbags.hu\/wp-content\/uploads\/2022\/12\/IMG-5264-768x1024.jpg\" alt=\"\" class=\"wp-image-402\" srcset=\"https:\/\/bableatherbags.hu\/wp-content\/uploads\/2022\/12\/IMG-5264-768x1024.jpg 768w, https:\/\/bableatherbags.hu\/wp-content\/uploads\/2022\/12\/IMG-5264-225x300.jpg 225w, https:\/\/bableatherbags.hu\/wp-content\/uploads\/2022\/12\/IMG-5264-1152x1536.jpg 1152w, https:\/\/bableatherbags.hu\/wp-content\/uploads\/2022\/12\/IMG-5264-1536x2048.jpg 1536w, https:\/\/bableatherbags.hu\/wp-content\/uploads\/2022\/12\/IMG-5264-1320x1760.jpg 1320w, https:\/\/bableatherbags.hu\/wp-content\/uploads\/2022\/12\/IMG-5264-416x555.jpg 416w, https:\/\/bableatherbags.hu\/wp-content\/uploads\/2022\/12\/IMG-5264-scaled.jpg 1920w\" sizes=\"auto, (max-width: 768px) 100vw, 768px\" \/><\/figure>\n\n\n\n<figure class=\"wp-block-image size-large\"><img loading=\"lazy\" decoding=\"async\" width=\"768\" height=\"1024\" data-id=\"401\" src=\"https:\/\/bableatherbags.hu\/wp-content\/uploads\/2022\/12\/IMG-5263-768x1024.jpg\" alt=\"\" class=\"wp-image-401\" srcset=\"https:\/\/bableatherbags.hu\/wp-content\/uploads\/2022\/12\/IMG-5263-768x1024.jpg 768w, https:\/\/bableatherbags.hu\/wp-content\/uploads\/2022\/12\/IMG-5263-225x300.jpg 225w, https:\/\/bableatherbags.hu\/wp-content\/uploads\/2022\/12\/IMG-5263-1152x1536.jpg 1152w, https:\/\/bableatherbags.hu\/wp-content\/uploads\/2022\/12\/IMG-5263-1536x2048.jpg 1536w, https:\/\/bableatherbags.hu\/wp-content\/uploads\/2022\/12\/IMG-5263-1320x1760.jpg 1320w, https:\/\/bableatherbags.hu\/wp-content\/uploads\/2022\/12\/IMG-5263-416x555.jpg 416w, https:\/\/bableatherbags.hu\/wp-content\/uploads\/2022\/12\/IMG-5263-scaled.jpg 1920w\" sizes=\"auto, (max-width: 768px) 100vw, 768px\" \/><\/figure>\n\n\n\n<figure class=\"wp-block-image size-large\"><img loading=\"lazy\" decoding=\"async\" width=\"1024\" height=\"768\" data-id=\"404\" src=\"https:\/\/bableatherbags.hu\/wp-content\/uploads\/2022\/12\/IMG-1293-1024x768.jpg\" alt=\"\" class=\"wp-image-404\" srcset=\"https:\/\/bableatherbags.hu\/wp-content\/uploads\/2022\/12\/IMG-1293-1024x768.jpg 1024w, https:\/\/bableatherbags.hu\/wp-content\/uploads\/2022\/12\/IMG-1293-300x225.jpg 300w, https:\/\/bableatherbags.hu\/wp-content\/uploads\/2022\/12\/IMG-1293-768x576.jpg 768w, https:\/\/bableatherbags.hu\/wp-content\/uploads\/2022\/12\/IMG-1293-1536x1152.jpg 1536w, https:\/\/bableatherbags.hu\/wp-content\/uploads\/2022\/12\/IMG-1293-1320x990.jpg 1320w, https:\/\/bableatherbags.hu\/wp-content\/uploads\/2022\/12\/IMG-1293-416x312.jpg 416w, https:\/\/bableatherbags.hu\/wp-content\/uploads\/2022\/12\/IMG-1293.jpg 1600w\" sizes=\"auto, (max-width: 1024px) 100vw, 1024px\" \/><\/figure>\n\n\n\n<figure class=\"wp-block-image size-large\"><img loading=\"lazy\" decoding=\"async\" width=\"1024\" height=\"768\" data-id=\"406\" src=\"https:\/\/bableatherbags.hu\/wp-content\/uploads\/2022\/12\/IMG-1219-1024x768.jpg\" alt=\"\" class=\"wp-image-406\" srcset=\"https:\/\/bableatherbags.hu\/wp-content\/uploads\/2022\/12\/IMG-1219-1024x768.jpg 1024w, https:\/\/bableatherbags.hu\/wp-content\/uploads\/2022\/12\/IMG-1219-300x225.jpg 300w, https:\/\/bableatherbags.hu\/wp-content\/uploads\/2022\/12\/IMG-1219-768x576.jpg 768w, https:\/\/bableatherbags.hu\/wp-content\/uploads\/2022\/12\/IMG-1219-1536x1152.jpg 1536w, https:\/\/bableatherbags.hu\/wp-content\/uploads\/2022\/12\/IMG-1219-2048x1536.jpg 2048w, https:\/\/bableatherbags.hu\/wp-content\/uploads\/2022\/12\/IMG-1219-1320x990.jpg 1320w, https:\/\/bableatherbags.hu\/wp-content\/uploads\/2022\/12\/IMG-1219-416x312.jpg 416w\" sizes=\"auto, (max-width: 1024px) 100vw, 1024px\" \/><\/figure>\n\n\n\n<figure class=\"wp-block-image size-large\"><img loading=\"lazy\" decoding=\"async\" width=\"768\" height=\"1024\" data-id=\"405\" src=\"https:\/\/bableatherbags.hu\/wp-content\/uploads\/2022\/12\/IMG-1213-768x1024.jpg\" alt=\"\" class=\"wp-image-405\" srcset=\"https:\/\/bableatherbags.hu\/wp-content\/uploads\/2022\/12\/IMG-1213-768x1024.jpg 768w, https:\/\/bableatherbags.hu\/wp-content\/uploads\/2022\/12\/IMG-1213-225x300.jpg 225w, https:\/\/bableatherbags.hu\/wp-content\/uploads\/2022\/12\/IMG-1213-1152x1536.jpg 1152w, https:\/\/bableatherbags.hu\/wp-content\/uploads\/2022\/12\/IMG-1213-1536x2048.jpg 1536w, https:\/\/bableatherbags.hu\/wp-content\/uploads\/2022\/12\/IMG-1213-1320x1760.jpg 1320w, https:\/\/bableatherbags.hu\/wp-content\/uploads\/2022\/12\/IMG-1213-416x555.jpg 416w, https:\/\/bableatherbags.hu\/wp-content\/uploads\/2022\/12\/IMG-1213-scaled.jpg 1920w\" sizes=\"auto, (max-width: 768px) 100vw, 768px\" \/><\/figure>\n\n\n\n<figure class=\"wp-block-image size-large\"><img loading=\"lazy\" decoding=\"async\" width=\"768\" height=\"1024\" data-id=\"407\" src=\"https:\/\/bableatherbags.hu\/wp-content\/uploads\/2022\/12\/IMG-1201-768x1024.jpg\" alt=\"\" class=\"wp-image-407\" srcset=\"https:\/\/bableatherbags.hu\/wp-content\/uploads\/2022\/12\/IMG-1201-768x1024.jpg 768w, https:\/\/bableatherbags.hu\/wp-content\/uploads\/2022\/12\/IMG-1201-225x300.jpg 225w, https:\/\/bableatherbags.hu\/wp-content\/uploads\/2022\/12\/IMG-1201-1152x1536.jpg 1152w, https:\/\/bableatherbags.hu\/wp-content\/uploads\/2022\/12\/IMG-1201-1536x2048.jpg 1536w, https:\/\/bableatherbags.hu\/wp-content\/uploads\/2022\/12\/IMG-1201-1320x1760.jpg 1320w, https:\/\/bableatherbags.hu\/wp-content\/uploads\/2022\/12\/IMG-1201-416x555.jpg 416w, https:\/\/bableatherbags.hu\/wp-content\/uploads\/2022\/12\/IMG-1201-scaled.jpg 1920w\" sizes=\"auto, (max-width: 768px) 100vw, 768px\" \/><\/figure>\n\n\n\n<figure class=\"wp-block-image size-large\"><img loading=\"lazy\" decoding=\"async\" width=\"768\" height=\"1024\" data-id=\"408\" src=\"https:\/\/bableatherbags.hu\/wp-content\/uploads\/2022\/12\/IMG-1200-768x1024.jpg\" alt=\"\" class=\"wp-image-408\" srcset=\"https:\/\/bableatherbags.hu\/wp-content\/uploads\/2022\/12\/IMG-1200-768x1024.jpg 768w, https:\/\/bableatherbags.hu\/wp-content\/uploads\/2022\/12\/IMG-1200-225x300.jpg 225w, https:\/\/bableatherbags.hu\/wp-content\/uploads\/2022\/12\/IMG-1200-1152x1536.jpg 1152w, https:\/\/bableatherbags.hu\/wp-content\/uploads\/2022\/12\/IMG-1200-1536x2048.jpg 1536w, https:\/\/bableatherbags.hu\/wp-content\/uploads\/2022\/12\/IMG-1200-1320x1760.jpg 1320w, https:\/\/bableatherbags.hu\/wp-content\/uploads\/2022\/12\/IMG-1200-416x555.jpg 416w, https:\/\/bableatherbags.hu\/wp-content\/uploads\/2022\/12\/IMG-1200-scaled.jpg 1920w\" sizes=\"auto, (max-width: 768px) 100vw, 768px\" \/><\/figure>\n<\/figure>\n\n\n\n<figure class=\"wp-block-video alignleft\"><video height=\"576\" style=\"aspect-ratio: 1024 \/ 576;\" width=\"1024\" controls src=\"https:\/\/bableatherbags.hu\/wp-content\/uploads\/2022\/12\/1644176148187813.mp4\"><\/video><\/figure>\n\n\n\n<div class=\"wp-block-media-text alignwide is-stacked-on-mobile\"><figure class=\"wp-block-media-text__media\"><video controls src=\"https:\/\/bableatherbags.hu\/wp-content\/uploads\/2022\/12\/IMG_1156.mov\"><\/video><\/figure><div class=\"wp-block-media-text__content\">\n<p><\/p>\n<\/div><\/div>\n","protected":false},"excerpt":{"rendered":"<p>Szerett\u00fcnk volna l\u00e9trehozni egy j\u00f3 min\u0151s\u00e9g\u0171, strapab\u00edr\u00f3, praktikus \u00e9s divatos b\u0151r t\u00e1sk\u00e1t, ami alkalmakkor \u00e9s h\u00e9tk\u00f6znapokon egyar\u00e1nt h\u0171 t\u00e1rsunk lehet.Az els\u0151 nagy shopper t\u00e1sk\u00e1k ut\u00e1n m\u00e1r biztosan gondoltuk, hogy nem fogunk egy kollekci\u00f3n\u00e1l meg\u00e1llni, mert nagyon \u00e9lvezt\u00fck a tervez\u00e9s \u00e9s gy\u00e1rt\u00e1s folyamatait.A t\u00e1ska minden r\u00e9szlet\u00e9t saj\u00e1tkez\u0171leg k\u00e9sz\u00edtett\u00fck el, \u00edgy ink\u00e1bb a min\u0151s\u00e9gre, mintsem a mennyis\u00e9gre [&hellip;]<\/p>\n","protected":false},"author":1,"featured_media":0,"parent":0,"menu_order":0,"comment_status":"closed","ping_status":"closed","template":"","meta":{"footnotes":""},"class_list":["post-99","page","type-page","status-publish","hentry"],"_links":{"self":[{"href":"https:\/\/bableatherbags.hu\/index.php\/wp-json\/wp\/v2\/pages\/99","targetHints":{"allow":["GET"]}}],"collection":[{"href":"https:\/\/bableatherbags.hu\/index.php\/wp-json\/wp\/v2\/pages"}],"about":[{"href":"https:\/\/bableatherbags.hu\/index.php\/wp-json\/wp\/v2\/types\/page"}],"author":[{"embeddable":true,"href":"https:\/\/bableatherbags.hu\/index.php\/wp-json\/wp\/v2\/users\/1"}],"replies":[{"embeddable":true,"href":"https:\/\/bableatherbags.hu\/index.php\/wp-json\/wp\/v2\/comments?post=99"}],"version-history":[{"count":8,"href":"https:\/\/bableatherbags.hu\/index.php\/wp-json\/wp\/v2\/pages\/99\/revisions"}],"predecessor-version":[{"id":409,"href":"https:\/\/bableatherbags.hu\/index.php\/wp-json\/wp\/v2\/pages\/99\/revisions\/409"}],"wp:attachment":[{"href":"https:\/\/bableatherbags.hu\/index.php\/wp-json\/wp\/v2\/media?parent=99"}],"curies":[{"name":"wp","href":"https:\/\/api.w.org\/{rel}","templated":true}]}}