{"id":173,"date":"2022-08-08T17:04:41","date_gmt":"2022-08-08T17:04:41","guid":{"rendered":"https:\/\/bableatherbags.hu\/?post_type=product&#038;p=173"},"modified":"2023-06-07T18:41:07","modified_gmt":"2023-06-07T18:41:07","slug":"szurke-bor-penztarca","status":"publish","type":"product","link":"https:\/\/bableatherbags.hu\/index.php\/termek\/szurke-bor-penztarca\/","title":{"rendered":"Sz\u00fcrke b\u0151r p\u00e9nzt\u00e1rca"},"content":{"rendered":"","protected":false},"excerpt":{"rendered":"<p>Sz\u00fcrke b\u0151r p\u00e9nzt\u00e1rca kivehet\u0151 apr\u00f3p\u00e9nz tart\u00f3val \u00e9s lila vel\u00far b\u0151r bels\u0151vel.<\/p>\n","protected":false},"featured_media":177,"comment_status":"open","ping_status":"closed","template":"","meta":[],"product_cat":[20],"product_tag":[],"class_list":["post-173","product","type-product","status-publish","has-post-thumbnail","hentry","product_cat-penztarcak"],"_links":{"self":[{"href":"https:\/\/bableatherbags.hu\/index.php\/wp-json\/wp\/v2\/product\/173","targetHints":{"allow":["GET"]}}],"collection":[{"href":"https:\/\/bableatherbags.hu\/index.php\/wp-json\/wp\/v2\/product"}],"about":[{"href":"https:\/\/bableatherbags.hu\/index.php\/wp-json\/wp\/v2\/types\/product"}],"replies":[{"embeddable":true,"href":"https:\/\/bableatherbags.hu\/index.php\/wp-json\/wp\/v2\/comments?post=173"}],"wp:featuredmedia":[{"embeddable":true,"href":"https:\/\/bableatherbags.hu\/index.php\/wp-json\/wp\/v2\/media\/177"}],"wp:attachment":[{"href":"https:\/\/bableatherbags.hu\/index.php\/wp-json\/wp\/v2\/media?parent=173"}],"wp:term":[{"taxonomy":"product_cat","embeddable":true,"href":"https:\/\/bableatherbags.hu\/index.php\/wp-json\/wp\/v2\/product_cat?post=173"},{"taxonomy":"product_tag","embeddable":true,"href":"https:\/\/bableatherbags.hu\/index.php\/wp-json\/wp\/v2\/product_tag?post=173"}],"curies":[{"name":"wp","href":"https:\/\/api.w.org\/{rel}","templated":true}]}}