{"id":235,"date":"2022-08-15T15:57:17","date_gmt":"2022-08-15T15:57:17","guid":{"rendered":"https:\/\/bableatherbags.hu\/?post_type=product&#038;p=235"},"modified":"2023-06-07T18:40:16","modified_gmt":"2023-06-07T18:40:16","slug":"bezs-kroko-mintas-bor-penztarca","status":"publish","type":"product","link":"https:\/\/bableatherbags.hu\/index.php\/termek\/bezs-kroko-mintas-bor-penztarca\/","title":{"rendered":"B\u00e9zs kroko mint\u00e1s b\u0151r p\u00e9nzt\u00e1rca"},"content":{"rendered":"","protected":false},"excerpt":{"rendered":"<p>B\u00e9zs, kroko mint\u00e1s b\u0151r p\u00e9nzt\u00e1rca kivehet\u0151 apr\u00f3p\u00e9nz tart\u00f3val \u00e9s b\u00e9zs vel\u00far b\u0151r bels\u0151vel.<\/p>\n","protected":false},"featured_media":238,"comment_status":"open","ping_status":"closed","template":"","meta":[],"product_cat":[20],"product_tag":[],"class_list":["post-235","product","type-product","status-publish","has-post-thumbnail","hentry","product_cat-penztarcak"],"_links":{"self":[{"href":"https:\/\/bableatherbags.hu\/index.php\/wp-json\/wp\/v2\/product\/235","targetHints":{"allow":["GET"]}}],"collection":[{"href":"https:\/\/bableatherbags.hu\/index.php\/wp-json\/wp\/v2\/product"}],"about":[{"href":"https:\/\/bableatherbags.hu\/index.php\/wp-json\/wp\/v2\/types\/product"}],"replies":[{"embeddable":true,"href":"https:\/\/bableatherbags.hu\/index.php\/wp-json\/wp\/v2\/comments?post=235"}],"wp:featuredmedia":[{"embeddable":true,"href":"https:\/\/bableatherbags.hu\/index.php\/wp-json\/wp\/v2\/media\/238"}],"wp:attachment":[{"href":"https:\/\/bableatherbags.hu\/index.php\/wp-json\/wp\/v2\/media?parent=235"}],"wp:term":[{"taxonomy":"product_cat","embeddable":true,"href":"https:\/\/bableatherbags.hu\/index.php\/wp-json\/wp\/v2\/product_cat?post=235"},{"taxonomy":"product_tag","embeddable":true,"href":"https:\/\/bableatherbags.hu\/index.php\/wp-json\/wp\/v2\/product_tag?post=235"}],"curies":[{"name":"wp","href":"https:\/\/api.w.org\/{rel}","templated":true}]}}