{"id":242,"date":"2022-08-18T15:07:15","date_gmt":"2022-08-18T15:07:15","guid":{"rendered":"https:\/\/bableatherbags.hu\/?post_type=product&#038;p=242"},"modified":"2022-08-18T15:09:57","modified_gmt":"2022-08-18T15:09:57","slug":"rozsaszin-feher-bor-penztarca","status":"publish","type":"product","link":"https:\/\/bableatherbags.hu\/index.php\/termek\/rozsaszin-feher-bor-penztarca\/","title":{"rendered":"R\u00f3zsasz\u00edn-feh\u00e9r b\u0151r p\u00e9nzt\u00e1rca"},"content":{"rendered":"","protected":false},"excerpt":{"rendered":"<p>R\u00f3zsasz\u00edn-feh\u00e9r b\u0151r p\u00e9nzt\u00e1rca kivehet\u0151 apr\u00f3p\u00e9nz tart\u00f3val \u00e9s b\u00e9zs vel\u00far b\u0151r b\u00e9l\u00e9ssel.<\/p>\n","protected":false},"featured_media":248,"comment_status":"open","ping_status":"closed","template":"","meta":[],"product_cat":[20],"product_tag":[],"class_list":["post-242","product","type-product","status-publish","has-post-thumbnail","hentry","product_cat-penztarcak"],"_links":{"self":[{"href":"https:\/\/bableatherbags.hu\/index.php\/wp-json\/wp\/v2\/product\/242","targetHints":{"allow":["GET"]}}],"collection":[{"href":"https:\/\/bableatherbags.hu\/index.php\/wp-json\/wp\/v2\/product"}],"about":[{"href":"https:\/\/bableatherbags.hu\/index.php\/wp-json\/wp\/v2\/types\/product"}],"replies":[{"embeddable":true,"href":"https:\/\/bableatherbags.hu\/index.php\/wp-json\/wp\/v2\/comments?post=242"}],"wp:featuredmedia":[{"embeddable":true,"href":"https:\/\/bableatherbags.hu\/index.php\/wp-json\/wp\/v2\/media\/248"}],"wp:attachment":[{"href":"https:\/\/bableatherbags.hu\/index.php\/wp-json\/wp\/v2\/media?parent=242"}],"wp:term":[{"taxonomy":"product_cat","embeddable":true,"href":"https:\/\/bableatherbags.hu\/index.php\/wp-json\/wp\/v2\/product_cat?post=242"},{"taxonomy":"product_tag","embeddable":true,"href":"https:\/\/bableatherbags.hu\/index.php\/wp-json\/wp\/v2\/product_tag?post=242"}],"curies":[{"name":"wp","href":"https:\/\/api.w.org\/{rel}","templated":true}]}}