{"id":271,"date":"2022-08-18T15:33:05","date_gmt":"2022-08-18T15:33:05","guid":{"rendered":"https:\/\/bableatherbags.hu\/?post_type=product&#038;p=271"},"modified":"2023-01-29T12:22:49","modified_gmt":"2023-01-29T12:22:49","slug":"kek-fekete-bor-penztarca","status":"publish","type":"product","link":"https:\/\/bableatherbags.hu\/index.php\/termek\/kek-fekete-bor-penztarca\/","title":{"rendered":"K\u00e9k-fekete b\u0151r p\u00e9nzt\u00e1rca"},"content":{"rendered":"","protected":false},"excerpt":{"rendered":"<p>K\u00e9k-fekete b\u0151r p\u00e9nzt\u00e1rca kivehet\u0151 apr\u00f3p\u00e9nz tart\u00f3val \u00e9s fekete vel\u00far b\u0151r b\u00e9l\u00e9ssel.<\/p>\n","protected":false},"featured_media":258,"comment_status":"open","ping_status":"closed","template":"","meta":[],"product_cat":[20],"product_tag":[],"class_list":["post-271","product","type-product","status-publish","has-post-thumbnail","hentry","product_cat-penztarcak"],"_links":{"self":[{"href":"https:\/\/bableatherbags.hu\/index.php\/wp-json\/wp\/v2\/product\/271","targetHints":{"allow":["GET"]}}],"collection":[{"href":"https:\/\/bableatherbags.hu\/index.php\/wp-json\/wp\/v2\/product"}],"about":[{"href":"https:\/\/bableatherbags.hu\/index.php\/wp-json\/wp\/v2\/types\/product"}],"replies":[{"embeddable":true,"href":"https:\/\/bableatherbags.hu\/index.php\/wp-json\/wp\/v2\/comments?post=271"}],"wp:featuredmedia":[{"embeddable":true,"href":"https:\/\/bableatherbags.hu\/index.php\/wp-json\/wp\/v2\/media\/258"}],"wp:attachment":[{"href":"https:\/\/bableatherbags.hu\/index.php\/wp-json\/wp\/v2\/media?parent=271"}],"wp:term":[{"taxonomy":"product_cat","embeddable":true,"href":"https:\/\/bableatherbags.hu\/index.php\/wp-json\/wp\/v2\/product_cat?post=271"},{"taxonomy":"product_tag","embeddable":true,"href":"https:\/\/bableatherbags.hu\/index.php\/wp-json\/wp\/v2\/product_tag?post=271"}],"curies":[{"name":"wp","href":"https:\/\/api.w.org\/{rel}","templated":true}]}}