{"id":274,"date":"2022-08-23T15:07:21","date_gmt":"2022-08-23T15:07:21","guid":{"rendered":"https:\/\/bableatherbags.hu\/?post_type=product&#038;p=274"},"modified":"2023-01-29T13:31:44","modified_gmt":"2023-01-29T13:31:44","slug":"alvia-szurke-exclusive-taska","status":"publish","type":"product","link":"https:\/\/bableatherbags.hu\/index.php\/termek\/alvia-szurke-exclusive-taska\/","title":{"rendered":"Alvia sz\u00fcrke exclusive t\u00e1ska"},"content":{"rendered":"","protected":false},"excerpt":{"rendered":"<p>Hatalmas odafigyel\u00e9ssel \u00e9s apr\u00f3 k\u00e9zm\u0171ves r\u00e9szletekkel k\u00e9sz\u00fclt exclusive, uniszex t\u00e1ska. A k\u00fcls\u0151 r\u00e9sz sz\u00fcrke, pr\u00e9mium min\u0151s\u00e9g\u0171 b\u0151rb\u0151l, a bels\u0151 r\u00e9sz lila vel\u00far b\u0151rb\u0151l k\u00e9sz\u00fclt.<\/p>\n<p>Tartoz\u00e9kai:<\/p>\n<p>1 db vastag p\u00e1nt<\/p>\n<p>1 db v\u00e9kony p\u00e1nt<\/p>\n<p>1 db porzs\u00e1k<\/p>\n<p>M\u00e9retei:<\/p>\n<p>32 cm x 25 cm x 11 cm<\/p>\n","protected":false},"featured_media":432,"comment_status":"open","ping_status":"closed","template":"","meta":[],"product_cat":[25],"product_tag":[],"class_list":["post-274","product","type-product","status-publish","has-post-thumbnail","hentry","product_cat-alvia-uniszex-taska"],"_links":{"self":[{"href":"https:\/\/bableatherbags.hu\/index.php\/wp-json\/wp\/v2\/product\/274","targetHints":{"allow":["GET"]}}],"collection":[{"href":"https:\/\/bableatherbags.hu\/index.php\/wp-json\/wp\/v2\/product"}],"about":[{"href":"https:\/\/bableatherbags.hu\/index.php\/wp-json\/wp\/v2\/types\/product"}],"replies":[{"embeddable":true,"href":"https:\/\/bableatherbags.hu\/index.php\/wp-json\/wp\/v2\/comments?post=274"}],"wp:featuredmedia":[{"embeddable":true,"href":"https:\/\/bableatherbags.hu\/index.php\/wp-json\/wp\/v2\/media\/432"}],"wp:attachment":[{"href":"https:\/\/bableatherbags.hu\/index.php\/wp-json\/wp\/v2\/media?parent=274"}],"wp:term":[{"taxonomy":"product_cat","embeddable":true,"href":"https:\/\/bableatherbags.hu\/index.php\/wp-json\/wp\/v2\/product_cat?post=274"},{"taxonomy":"product_tag","embeddable":true,"href":"https:\/\/bableatherbags.hu\/index.php\/wp-json\/wp\/v2\/product_tag?post=274"}],"curies":[{"name":"wp","href":"https:\/\/api.w.org\/{rel}","templated":true}]}}