{"id":358,"date":"2022-09-29T15:58:20","date_gmt":"2022-09-29T15:58:20","guid":{"rendered":"https:\/\/bableatherbags.hu\/?post_type=product&#038;p=358"},"modified":"2023-10-31T16:27:00","modified_gmt":"2023-10-31T16:27:00","slug":"ames-feher-telefon-tartos-crossbody-taska","status":"publish","type":"product","link":"https:\/\/bableatherbags.hu\/index.php\/termek\/ames-feher-telefon-tartos-crossbody-taska\/","title":{"rendered":"Ames feh\u00e9r telefon tart\u00f3s crossbody t\u00e1ska"},"content":{"rendered":"","protected":false},"excerpt":{"rendered":"<p>Kis t\u00e1ska telefon tart\u00f3val \u00e9s cipz\u00e1ros h\u00e1ts\u00f3 rekesszel, k\u00e1rtya tart\u00f3kkal.<\/p>\n<p>A t\u00e1ska m\u00e9rete: 19 cm x 10 cm x 6 cm<\/p>\n<p>A t\u00e1ska anyaga marhab\u0151r.<\/p>\n","protected":false},"featured_media":334,"comment_status":"open","ping_status":"closed","template":"","meta":[],"product_cat":[26],"product_tag":[],"class_list":["post-358","product","type-product","status-publish","has-post-thumbnail","hentry","product_cat-ames-crossbody-taska-telefon-tarto-rekesszel"],"_links":{"self":[{"href":"https:\/\/bableatherbags.hu\/index.php\/wp-json\/wp\/v2\/product\/358","targetHints":{"allow":["GET"]}}],"collection":[{"href":"https:\/\/bableatherbags.hu\/index.php\/wp-json\/wp\/v2\/product"}],"about":[{"href":"https:\/\/bableatherbags.hu\/index.php\/wp-json\/wp\/v2\/types\/product"}],"replies":[{"embeddable":true,"href":"https:\/\/bableatherbags.hu\/index.php\/wp-json\/wp\/v2\/comments?post=358"}],"wp:featuredmedia":[{"embeddable":true,"href":"https:\/\/bableatherbags.hu\/index.php\/wp-json\/wp\/v2\/media\/334"}],"wp:attachment":[{"href":"https:\/\/bableatherbags.hu\/index.php\/wp-json\/wp\/v2\/media?parent=358"}],"wp:term":[{"taxonomy":"product_cat","embeddable":true,"href":"https:\/\/bableatherbags.hu\/index.php\/wp-json\/wp\/v2\/product_cat?post=358"},{"taxonomy":"product_tag","embeddable":true,"href":"https:\/\/bableatherbags.hu\/index.php\/wp-json\/wp\/v2\/product_tag?post=358"}],"curies":[{"name":"wp","href":"https:\/\/api.w.org\/{rel}","templated":true}]}}