{"id":503,"date":"2023-02-28T20:14:28","date_gmt":"2023-02-28T20:14:28","guid":{"rendered":"https:\/\/bableatherbags.hu\/?post_type=product&#038;p=503"},"modified":"2023-02-28T20:18:03","modified_gmt":"2023-02-28T20:18:03","slug":"astin-kek-rozsaszin-hatizsak","status":"publish","type":"product","link":"https:\/\/bableatherbags.hu\/index.php\/termek\/astin-kek-rozsaszin-hatizsak\/","title":{"rendered":"Astin k\u00e9k-r\u00f3zsasz\u00edn h\u00e1tizs\u00e1k"},"content":{"rendered":"<p>Astin babak\u00e9k \u00e9s\u00a0 babar\u00f3zsasz\u00edn h\u00e1tizs\u00e1k.<\/p>\n<p>K\u00fcl\u00f6nleges \u00e9s egyedi h\u00e1tizs\u00e1kok 2 db nyitott bels\u0151, 1 db cipz\u00e1ras\u00a0bels\u0151 zsebbel, 2 db k\u00fcls\u0151 cipz\u00e1ras zsebbel, \u00e1ll\u00edthat\u00f3 v\u00e1llp\u00e1ntokkal.<br \/>\nK\u00e9zm\u0171ves, prec\u00edz elk\u00e9sz\u00edt\u00e9s \u00e9s kiv\u00e1l\u00f3 min\u0151s\u00e9g\u0171 marhab\u0151r \u00f6tv\u00f6zete.<br \/>\nA h\u00e1tizs\u00e1k, ami egy \u00e9leten \u00e1t elk\u00eds\u00e9r.<\/p>\n<p>M\u00e9retei: 32 cm x 29 cm x 10 cm<\/p>\n<p>Minden BAB Leather t\u00e1ska mell\u00e9 t\u00e1skatasakot adunk.<\/p>\n","protected":false},"excerpt":{"rendered":"<p>Astin babak\u00e9k \u00e9s\u00a0 babar\u00f3zsasz\u00edn h\u00e1tizs\u00e1k. K\u00fcl\u00f6nleges \u00e9s egyedi h\u00e1tizs\u00e1kok 2 db nyitott bels\u0151, 1 db cipz\u00e1ras\u00a0bels\u0151 zsebbel, 2 db k\u00fcls\u0151 cipz\u00e1ras zsebbel, \u00e1ll\u00edthat\u00f3 v\u00e1llp\u00e1ntokkal. K\u00e9zm\u0171ves, prec\u00edz elk\u00e9sz\u00edt\u00e9s \u00e9s kiv\u00e1l\u00f3 min\u0151s\u00e9g\u0171 marhab\u0151r \u00f6tv\u00f6zete. A h\u00e1tizs\u00e1k, ami egy \u00e9leten \u00e1t elk\u00eds\u00e9r. M\u00e9retei: 32 cm x 29 cm x 10 cm Minden BAB Leather t\u00e1ska mell\u00e9 t\u00e1skatasakot adunk.<\/p>\n","protected":false},"featured_media":510,"comment_status":"open","ping_status":"closed","template":"","meta":[],"product_cat":[27],"product_tag":[],"class_list":["post-503","product","type-product","status-publish","has-post-thumbnail","hentry","product_cat-astin-hatizsak"],"_links":{"self":[{"href":"https:\/\/bableatherbags.hu\/index.php\/wp-json\/wp\/v2\/product\/503","targetHints":{"allow":["GET"]}}],"collection":[{"href":"https:\/\/bableatherbags.hu\/index.php\/wp-json\/wp\/v2\/product"}],"about":[{"href":"https:\/\/bableatherbags.hu\/index.php\/wp-json\/wp\/v2\/types\/product"}],"replies":[{"embeddable":true,"href":"https:\/\/bableatherbags.hu\/index.php\/wp-json\/wp\/v2\/comments?post=503"}],"wp:featuredmedia":[{"embeddable":true,"href":"https:\/\/bableatherbags.hu\/index.php\/wp-json\/wp\/v2\/media\/510"}],"wp:attachment":[{"href":"https:\/\/bableatherbags.hu\/index.php\/wp-json\/wp\/v2\/media?parent=503"}],"wp:term":[{"taxonomy":"product_cat","embeddable":true,"href":"https:\/\/bableatherbags.hu\/index.php\/wp-json\/wp\/v2\/product_cat?post=503"},{"taxonomy":"product_tag","embeddable":true,"href":"https:\/\/bableatherbags.hu\/index.php\/wp-json\/wp\/v2\/product_tag?post=503"}],"curies":[{"name":"wp","href":"https:\/\/api.w.org\/{rel}","templated":true}]}}