{"id":622,"date":"2023-04-26T18:43:29","date_gmt":"2023-04-26T18:43:29","guid":{"rendered":"https:\/\/bableatherbags.hu\/?post_type=product&#038;p=622"},"modified":"2023-04-26T18:48:26","modified_gmt":"2023-04-26T18:48:26","slug":"fekete-bor-penztarca-2","status":"publish","type":"product","link":"https:\/\/bableatherbags.hu\/index.php\/termek\/fekete-bor-penztarca-2\/","title":{"rendered":"Fekete b\u0151r p\u00e9nzt\u00e1rca"},"content":{"rendered":"","protected":false},"excerpt":{"rendered":"<p>Fekete b\u0151r p\u00e9nzt\u00e1rca k\u00e1rtyatart\u00f3kkal.<\/p>\n","protected":false},"featured_media":624,"comment_status":"open","ping_status":"closed","template":"","meta":[],"product_cat":[20],"product_tag":[],"class_list":["post-622","product","type-product","status-publish","has-post-thumbnail","hentry","product_cat-penztarcak"],"_links":{"self":[{"href":"https:\/\/bableatherbags.hu\/index.php\/wp-json\/wp\/v2\/product\/622","targetHints":{"allow":["GET"]}}],"collection":[{"href":"https:\/\/bableatherbags.hu\/index.php\/wp-json\/wp\/v2\/product"}],"about":[{"href":"https:\/\/bableatherbags.hu\/index.php\/wp-json\/wp\/v2\/types\/product"}],"replies":[{"embeddable":true,"href":"https:\/\/bableatherbags.hu\/index.php\/wp-json\/wp\/v2\/comments?post=622"}],"wp:featuredmedia":[{"embeddable":true,"href":"https:\/\/bableatherbags.hu\/index.php\/wp-json\/wp\/v2\/media\/624"}],"wp:attachment":[{"href":"https:\/\/bableatherbags.hu\/index.php\/wp-json\/wp\/v2\/media?parent=622"}],"wp:term":[{"taxonomy":"product_cat","embeddable":true,"href":"https:\/\/bableatherbags.hu\/index.php\/wp-json\/wp\/v2\/product_cat?post=622"},{"taxonomy":"product_tag","embeddable":true,"href":"https:\/\/bableatherbags.hu\/index.php\/wp-json\/wp\/v2\/product_tag?post=622"}],"curies":[{"name":"wp","href":"https:\/\/api.w.org\/{rel}","templated":true}]}}