{"id":705,"date":"2023-08-04T14:17:48","date_gmt":"2023-08-04T14:17:48","guid":{"rendered":"https:\/\/bableatherbags.hu\/?post_type=product&#038;p=705"},"modified":"2023-08-04T14:26:13","modified_gmt":"2023-08-04T14:26:13","slug":"ariane-bordo-strucc-mintas-bor-crossbody-taska","status":"publish","type":"product","link":"https:\/\/bableatherbags.hu\/index.php\/termek\/ariane-bordo-strucc-mintas-bor-crossbody-taska\/","title":{"rendered":"Ariane bord\u00f3 strucc mint\u00e1s b\u0151r crossbody t\u00e1ska"},"content":{"rendered":"<p>Crossbody t\u00e1ska m\u00e1gneses z\u00e1r\u00f3d\u00e1ssal.<\/p>\n<p>A t\u00e1ska k\u00fcls\u0151 r\u00e9sze \u00e9s a b\u00e9l\u00e9se is kiv\u00e1l\u00f3 min\u0151s\u00e9g\u0171 b\u0151r.<\/p>\n<p>M\u00e9retei: 23 cm x 16 cm x 9,5 cm<\/p>\n<p>A p\u00e1nt sz\u00e9less\u00e9ge: 3,5 cm<\/p>\n","protected":false},"excerpt":{"rendered":"<p>Crossbody t\u00e1ska m\u00e1gneses z\u00e1r\u00f3d\u00e1ssal. A t\u00e1ska k\u00fcls\u0151 r\u00e9sze \u00e9s a b\u00e9l\u00e9se is kiv\u00e1l\u00f3 min\u0151s\u00e9g\u0171 b\u0151r. M\u00e9retei: 23 cm x 16 cm x 9,5 cm A p\u00e1nt sz\u00e9less\u00e9ge: 3,5 cm<\/p>\n","protected":false},"featured_media":706,"comment_status":"open","ping_status":"closed","template":"","meta":[],"product_cat":[28],"product_tag":[],"class_list":["post-705","product","type-product","status-publish","has-post-thumbnail","hentry","product_cat-ariane-crossbody-taska"],"_links":{"self":[{"href":"https:\/\/bableatherbags.hu\/index.php\/wp-json\/wp\/v2\/product\/705","targetHints":{"allow":["GET"]}}],"collection":[{"href":"https:\/\/bableatherbags.hu\/index.php\/wp-json\/wp\/v2\/product"}],"about":[{"href":"https:\/\/bableatherbags.hu\/index.php\/wp-json\/wp\/v2\/types\/product"}],"replies":[{"embeddable":true,"href":"https:\/\/bableatherbags.hu\/index.php\/wp-json\/wp\/v2\/comments?post=705"}],"wp:featuredmedia":[{"embeddable":true,"href":"https:\/\/bableatherbags.hu\/index.php\/wp-json\/wp\/v2\/media\/706"}],"wp:attachment":[{"href":"https:\/\/bableatherbags.hu\/index.php\/wp-json\/wp\/v2\/media?parent=705"}],"wp:term":[{"taxonomy":"product_cat","embeddable":true,"href":"https:\/\/bableatherbags.hu\/index.php\/wp-json\/wp\/v2\/product_cat?post=705"},{"taxonomy":"product_tag","embeddable":true,"href":"https:\/\/bableatherbags.hu\/index.php\/wp-json\/wp\/v2\/product_tag?post=705"}],"curies":[{"name":"wp","href":"https:\/\/api.w.org\/{rel}","templated":true}]}}