{"id":86,"date":"2022-08-07T19:39:09","date_gmt":"2022-08-07T19:39:09","guid":{"rendered":"https:\/\/bableatherbags.hu\/?post_type=product&#038;p=86"},"modified":"2022-08-08T17:59:39","modified_gmt":"2022-08-08T17:59:39","slug":"mintas-bor-penztarca","status":"publish","type":"product","link":"https:\/\/bableatherbags.hu\/index.php\/termek\/mintas-bor-penztarca\/","title":{"rendered":"Mint\u00e1s b\u0151r p\u00e9nzt\u00e1rca"},"content":{"rendered":"","protected":false},"excerpt":{"rendered":"<p>Mint\u00e1s b\u0151r p\u00e9nzt\u00e1rca kivehet\u0151 apr\u00f3p\u00e9nz tart\u00f3val \u00e9s b\u00e9zs vel\u00far b\u0151r bels\u0151vel.<\/p>\n","protected":false},"featured_media":199,"comment_status":"open","ping_status":"closed","template":"","meta":[],"product_cat":[20],"product_tag":[],"class_list":["post-86","product","type-product","status-publish","has-post-thumbnail","hentry","product_cat-penztarcak"],"_links":{"self":[{"href":"https:\/\/bableatherbags.hu\/index.php\/wp-json\/wp\/v2\/product\/86","targetHints":{"allow":["GET"]}}],"collection":[{"href":"https:\/\/bableatherbags.hu\/index.php\/wp-json\/wp\/v2\/product"}],"about":[{"href":"https:\/\/bableatherbags.hu\/index.php\/wp-json\/wp\/v2\/types\/product"}],"replies":[{"embeddable":true,"href":"https:\/\/bableatherbags.hu\/index.php\/wp-json\/wp\/v2\/comments?post=86"}],"wp:featuredmedia":[{"embeddable":true,"href":"https:\/\/bableatherbags.hu\/index.php\/wp-json\/wp\/v2\/media\/199"}],"wp:attachment":[{"href":"https:\/\/bableatherbags.hu\/index.php\/wp-json\/wp\/v2\/media?parent=86"}],"wp:term":[{"taxonomy":"product_cat","embeddable":true,"href":"https:\/\/bableatherbags.hu\/index.php\/wp-json\/wp\/v2\/product_cat?post=86"},{"taxonomy":"product_tag","embeddable":true,"href":"https:\/\/bableatherbags.hu\/index.php\/wp-json\/wp\/v2\/product_tag?post=86"}],"curies":[{"name":"wp","href":"https:\/\/api.w.org\/{rel}","templated":true}]}}